{"id":11,"date":"2025-12-09T17:19:11","date_gmt":"2025-12-09T17:19:11","guid":{"rendered":"https:\/\/medyumpayidar.com\/?page_id=11"},"modified":"2025-12-09T17:20:22","modified_gmt":"2025-12-09T17:20:22","slug":"payidar-hoca","status":"publish","type":"page","link":"https:\/\/medyumpayidar.com\/","title":{"rendered":"Payidar Hoca"},"content":{"rendered":"\n<blockquote class=\"wp-block-quote is-layout-flow wp-block-quote-is-layout-flow\">\n<p>Medyum Payidar, kalplerin karanl\u0131kta kald\u0131\u011f\u0131 anlarda \u0131\u015f\u0131\u011f\u0131yla yol g\u00f6steren, a\u015fk\u0131n g\u00f6r\u00fcnmeyen ba\u011flar\u0131n\u0131 okumakta ustala\u015fm\u0131\u015f kadim bir bilgedir. Y\u0131llar boyunca, a\u015fk ac\u0131s\u0131yla y\u0131pranm\u0131\u015f ruhlara, yar\u0131m kalm\u0131\u015f hik\u00e2yelere ve yeniden do\u011fmay\u0131 bekleyen ili\u015fkilere rehberlik etmi\u015ftir.<\/p>\n\n\n\n<p>Onun \u00f6\u011fretisine g\u00f6re iki kalp, kaderin ince dokusunda birbirine yaz\u0131ld\u0131ysa, hangi r\u00fczg\u00e2r savurursa savursun sonunda ayn\u0131 yere geri d\u00f6ner. Payidar, bu kadim bilgeli\u011fi kullanarak ayr\u0131l\u0131\u011f\u0131n sisine kapanm\u0131\u015f yollar\u0131 aralar, k\u0131r\u0131k g\u00f6n\u00fcllerin sesini duyar ve yeniden birle\u015fmek isteyen ruhlara y\u00f6n g\u00f6sterir.<\/p>\n\n\n\n<p>Ba\u011flama rit\u00fcelleri, a\u015fk enerjisini uyumlu h\u00e2le getirmeye y\u00f6nelik eski bir sanatt\u0131r ve Medyum Payidar bu sanat\u0131 y\u0131llar\u0131n\u0131 vererek \u00f6\u011frenmi\u015ftir. Uygulad\u0131\u011f\u0131 y\u00f6ntemler, kalpler aras\u0131ndaki ba\u011f\u0131 g\u00fc\u00e7lendirmeyi, sevginin s\u00f6nm\u00fc\u015f ate\u015fini yeniden canland\u0131rmay\u0131 ve iki ki\u015finin hik\u00e2yesini kader \u00e7izgisinde tekrar bir araya getirmeyi ama\u00e7lar.<\/p>\n\n\n\n<p>Onu di\u011ferlerinden ay\u0131ran, yaln\u0131zca g\u00f6r\u00fcn\u00fcmeyeni sezme yetene\u011fi de\u011fil; ayn\u0131 zamanda insan ruhunun ac\u0131lar\u0131n\u0131 derin bir merhametle anlayan yap\u0131s\u0131d\u0131r. Payidar\u2019\u0131n kap\u0131s\u0131n\u0131 \u00e7alan herkes, i\u00e7sel bir yolculu\u011fa \u00e7\u0131kar; kimi kaybetti\u011fi a\u015fk\u0131 geri \u00e7a\u011f\u0131rmak ister, kimi ise kalbinin yeniden atmas\u0131n\u0131 sa\u011flayacak g\u00fcc\u00fc bulmay\u0131\u2026<\/p>\n\n\n\n<p>\u0130lminden faydalanmak i\u00e7in sizde Payidar Hocay\u0131 arayabilirsiniz.<\/p>\n<\/blockquote>\n","protected":false},"excerpt":{"rendered":"<p>Medyum Payidar, kalplerin karanl\u0131kta kald\u0131\u011f\u0131 anlarda \u0131\u015f\u0131\u011f\u0131yla yol g\u00f6steren, a\u015fk\u0131n g\u00f6r\u00fcnmeyen ba\u011flar\u0131n\u0131 okumakta ustala\u015fm\u0131\u015f kadim bir bilgedir. Y\u0131llar boyunca, a\u015fk ac\u0131s\u0131yla y\u0131pranm\u0131\u015f ruhlara, yar\u0131m kalm\u0131\u015f hik\u00e2yelere ve yeniden do\u011fmay\u0131 bekleyen ili\u015fkilere rehberlik etmi\u015ftir. Onun \u00f6\u011fretisine g\u00f6re iki kalp, kaderin ince dokusunda birbirine yaz\u0131ld\u0131ysa, hangi r\u00fczg\u00e2r savurursa savursun sonunda ayn\u0131 yere geri d\u00f6ner. Payidar, bu kadim &hellip;<\/p>\n","protected":false},"author":1,"featured_media":0,"parent":0,"menu_order":0,"comment_status":"open","ping_status":"closed","template":"","meta":{"footnotes":""},"class_list":["post-11","page","type-page","status-publish","hentry"],"_links":{"self":[{"href":"https:\/\/medyumpayidar.com\/index.php?rest_route=\/wp\/v2\/pages\/11","targetHints":{"allow":["GET"]}}],"collection":[{"href":"https:\/\/medyumpayidar.com\/index.php?rest_route=\/wp\/v2\/pages"}],"about":[{"href":"https:\/\/medyumpayidar.com\/index.php?rest_route=\/wp\/v2\/types\/page"}],"author":[{"embeddable":true,"href":"https:\/\/medyumpayidar.com\/index.php?rest_route=\/wp\/v2\/users\/1"}],"replies":[{"embeddable":true,"href":"https:\/\/medyumpayidar.com\/index.php?rest_route=%2Fwp%2Fv2%2Fcomments&post=11"}],"version-history":[{"count":2,"href":"https:\/\/medyumpayidar.com\/index.php?rest_route=\/wp\/v2\/pages\/11\/revisions"}],"predecessor-version":[{"id":14,"href":"https:\/\/medyumpayidar.com\/index.php?rest_route=\/wp\/v2\/pages\/11\/revisions\/14"}],"wp:attachment":[{"href":"https:\/\/medyumpayidar.com\/index.php?rest_route=%2Fwp%2Fv2%2Fmedia&parent=11"}],"curies":[{"name":"wp","href":"https:\/\/api.w.org\/{rel}","templated":true}]}}